{"id":284,"date":"2025-06-13T17:02:00","date_gmt":"2025-06-13T17:02:00","guid":{"rendered":"https:\/\/autolm.com.mx\/?page_id=284"},"modified":"2025-06-19T19:32:10","modified_gmt":"2025-06-19T19:32:10","slug":"process-automation-equipment","status":"publish","type":"page","link":"https:\/\/autolm.com.mx\/es\/productos\/automatizacion\/process-automation-equipment\/","title":{"rendered":"Equipos de Automatizaci\u00f3n de Procesos"},"content":{"rendered":"","protected":false},"excerpt":{"rendered":"<p>Automatizaci\u00f3n de procesos espec\u00edficos del cliente, incluyendo ensamble, manipulaci\u00f3n y control de calidad.<\/p>","protected":false},"author":1,"featured_media":320,"parent":79,"menu_order":3,"comment_status":"closed","ping_status":"closed","template":"page-automation-interior.php","meta":{"_acf_changed":false,"inline_featured_image":false,"footnotes":""},"class_list":["post-284","page","type-page","status-publish","has-post-thumbnail","hentry"],"acf":[],"yoast_head":"<!-- This site is optimized with the Yoast SEO plugin v27.2 - https:\/\/yoast.com\/product\/yoast-seo-wordpress\/ -->\n<title>Process Automation Equipment - ALM Testing &amp; Automation<\/title>\n<meta name=\"description\" content=\"Automation of client-specific processes including assembly, manipulation and quality control.\" \/>\n<meta name=\"robots\" content=\"index, follow, max-snippet:-1, max-image-preview:large, max-video-preview:-1\" \/>\n<link rel=\"canonical\" href=\"https:\/\/autolm.com.mx\/es\/productos\/automatizacion\/process-automation-equipment\/\" \/>\n<meta property=\"og:locale\" content=\"es_MX\" \/>\n<meta property=\"og:type\" content=\"article\" \/>\n<meta property=\"og:title\" content=\"Process Automation Equipment - ALM Testing &amp; Automation\" \/>\n<meta property=\"og:description\" content=\"Automation of client-specific processes including assembly, manipulation and quality control.\" \/>\n<meta property=\"og:url\" content=\"https:\/\/autolm.com.mx\/es\/productos\/automatizacion\/process-automation-equipment\/\" \/>\n<meta property=\"og:site_name\" content=\"ALM Testing &amp; Automation\" \/>\n<meta property=\"article:modified_time\" content=\"2025-06-19T19:32:10+00:00\" \/>\n<meta property=\"og:image\" content=\"https:\/\/autolm.com.mx\/wp-content\/uploads\/2025\/06\/06-custom-img-0245-scaled.jpg\" \/>\n\t<meta property=\"og:image:width\" content=\"1963\" \/>\n\t<meta property=\"og:image:height\" content=\"2560\" \/>\n\t<meta property=\"og:image:type\" content=\"image\/jpeg\" \/>\n<meta name=\"twitter:card\" content=\"summary_large_image\" \/>\n<meta name=\"twitter:label1\" content=\"Tiempo de lectura\" \/>\n\t<meta name=\"twitter:data1\" content=\"1 minuto\" \/>\n<script type=\"application\/ld+json\" class=\"yoast-schema-graph\">{\"@context\":\"https:\/\/schema.org\",\"@graph\":[{\"@type\":\"WebPage\",\"@id\":\"https:\/\/autolm.com.mx\/products\/automation\/process-automation-equipment\/\",\"url\":\"https:\/\/autolm.com.mx\/products\/automation\/process-automation-equipment\/\",\"name\":\"Process Automation Equipment - ALM Testing &amp; Automation\",\"isPartOf\":{\"@id\":\"https:\/\/autolm.com.mx\/#website\"},\"primaryImageOfPage\":{\"@id\":\"https:\/\/autolm.com.mx\/products\/automation\/process-automation-equipment\/#primaryimage\"},\"image\":{\"@id\":\"https:\/\/autolm.com.mx\/products\/automation\/process-automation-equipment\/#primaryimage\"},\"thumbnailUrl\":\"https:\/\/autolm.com.mx\/wp-content\/uploads\/2025\/06\/06-custom-img-0245-scaled.jpg\",\"datePublished\":\"2025-06-13T17:02:00+00:00\",\"dateModified\":\"2025-06-19T19:32:10+00:00\",\"description\":\"Automation of client-specific processes including assembly, manipulation and quality control.\",\"breadcrumb\":{\"@id\":\"https:\/\/autolm.com.mx\/products\/automation\/process-automation-equipment\/#breadcrumb\"},\"inLanguage\":\"es\",\"potentialAction\":[{\"@type\":\"ReadAction\",\"target\":[\"https:\/\/autolm.com.mx\/products\/automation\/process-automation-equipment\/\"]}]},{\"@type\":\"ImageObject\",\"inLanguage\":\"es\",\"@id\":\"https:\/\/autolm.com.mx\/products\/automation\/process-automation-equipment\/#primaryimage\",\"url\":\"https:\/\/autolm.com.mx\/wp-content\/uploads\/2025\/06\/06-custom-img-0245-scaled.jpg\",\"contentUrl\":\"https:\/\/autolm.com.mx\/wp-content\/uploads\/2025\/06\/06-custom-img-0245-scaled.jpg\",\"width\":1963,\"height\":2560},{\"@type\":\"BreadcrumbList\",\"@id\":\"https:\/\/autolm.com.mx\/products\/automation\/process-automation-equipment\/#breadcrumb\",\"itemListElement\":[{\"@type\":\"ListItem\",\"position\":1,\"name\":\"Home\",\"item\":\"https:\/\/autolm.com.mx\/\"},{\"@type\":\"ListItem\",\"position\":2,\"name\":\"Products\",\"item\":\"https:\/\/autolm.com.mx\/products\/\"},{\"@type\":\"ListItem\",\"position\":3,\"name\":\"Automation\",\"item\":\"https:\/\/autolm.com.mx\/products\/automation\/\"},{\"@type\":\"ListItem\",\"position\":4,\"name\":\"Process Automation Equipment\"}]},{\"@type\":\"WebSite\",\"@id\":\"https:\/\/autolm.com.mx\/#website\",\"url\":\"https:\/\/autolm.com.mx\/\",\"name\":\"ALM Testing & Automation\",\"description\":\"\",\"publisher\":{\"@id\":\"https:\/\/autolm.com.mx\/#organization\"},\"potentialAction\":[{\"@type\":\"SearchAction\",\"target\":{\"@type\":\"EntryPoint\",\"urlTemplate\":\"https:\/\/autolm.com.mx\/?s={search_term_string}\"},\"query-input\":{\"@type\":\"PropertyValueSpecification\",\"valueRequired\":true,\"valueName\":\"search_term_string\"}}],\"inLanguage\":\"es\"},{\"@type\":\"Organization\",\"@id\":\"https:\/\/autolm.com.mx\/#organization\",\"name\":\"ALM Testing & Automation\",\"url\":\"https:\/\/autolm.com.mx\/\",\"logo\":{\"@type\":\"ImageObject\",\"inLanguage\":\"es\",\"@id\":\"https:\/\/autolm.com.mx\/#\/schema\/logo\/image\/\",\"url\":\"https:\/\/autolm.com.mx\/wp-content\/uploads\/2025\/06\/share.jpg\",\"contentUrl\":\"https:\/\/autolm.com.mx\/wp-content\/uploads\/2025\/06\/share.jpg\",\"width\":1092,\"height\":626,\"caption\":\"ALM Testing & Automation\"},\"image\":{\"@id\":\"https:\/\/autolm.com.mx\/#\/schema\/logo\/image\/\"}}]}<\/script>\n<!-- \/ Yoast SEO plugin. -->","yoast_head_json":{"title":"Process Automation Equipment - ALM Testing &amp; Automation","description":"Automatizaci\u00f3n de procesos espec\u00edficos del cliente, incluyendo ensamble, manipulaci\u00f3n y control de calidad.","robots":{"index":"index","follow":"follow","max-snippet":"max-snippet:-1","max-image-preview":"max-image-preview:large","max-video-preview":"max-video-preview:-1"},"canonical":"https:\/\/autolm.com.mx\/es\/productos\/automatizacion\/process-automation-equipment\/","og_locale":"es_MX","og_type":"article","og_title":"Process Automation Equipment - ALM Testing &amp; Automation","og_description":"Automation of client-specific processes including assembly, manipulation and quality control.","og_url":"https:\/\/autolm.com.mx\/es\/productos\/automatizacion\/process-automation-equipment\/","og_site_name":"ALM Testing &amp; Automation","article_modified_time":"2025-06-19T19:32:10+00:00","og_image":[{"width":1963,"height":2560,"url":"https:\/\/autolm.com.mx\/wp-content\/uploads\/2025\/06\/06-custom-img-0245-scaled.jpg","type":"image\/jpeg"}],"twitter_card":"summary_large_image","twitter_misc":{"Tiempo de lectura":"1 minuto"},"schema":{"@context":"https:\/\/schema.org","@graph":[{"@type":"WebPage","@id":"https:\/\/autolm.com.mx\/products\/automation\/process-automation-equipment\/","url":"https:\/\/autolm.com.mx\/products\/automation\/process-automation-equipment\/","name":"Process Automation Equipment - ALM Testing &amp; Automation","isPartOf":{"@id":"https:\/\/autolm.com.mx\/#website"},"primaryImageOfPage":{"@id":"https:\/\/autolm.com.mx\/products\/automation\/process-automation-equipment\/#primaryimage"},"image":{"@id":"https:\/\/autolm.com.mx\/products\/automation\/process-automation-equipment\/#primaryimage"},"thumbnailUrl":"https:\/\/autolm.com.mx\/wp-content\/uploads\/2025\/06\/06-custom-img-0245-scaled.jpg","datePublished":"2025-06-13T17:02:00+00:00","dateModified":"2025-06-19T19:32:10+00:00","description":"Automatizaci\u00f3n de procesos espec\u00edficos del cliente, incluyendo ensamble, manipulaci\u00f3n y control de calidad.","breadcrumb":{"@id":"https:\/\/autolm.com.mx\/products\/automation\/process-automation-equipment\/#breadcrumb"},"inLanguage":"es","potentialAction":[{"@type":"ReadAction","target":["https:\/\/autolm.com.mx\/products\/automation\/process-automation-equipment\/"]}]},{"@type":"ImageObject","inLanguage":"es","@id":"https:\/\/autolm.com.mx\/products\/automation\/process-automation-equipment\/#primaryimage","url":"https:\/\/autolm.com.mx\/wp-content\/uploads\/2025\/06\/06-custom-img-0245-scaled.jpg","contentUrl":"https:\/\/autolm.com.mx\/wp-content\/uploads\/2025\/06\/06-custom-img-0245-scaled.jpg","width":1963,"height":2560},{"@type":"BreadcrumbList","@id":"https:\/\/autolm.com.mx\/products\/automation\/process-automation-equipment\/#breadcrumb","itemListElement":[{"@type":"ListItem","position":1,"name":"Home","item":"https:\/\/autolm.com.mx\/"},{"@type":"ListItem","position":2,"name":"Products","item":"https:\/\/autolm.com.mx\/products\/"},{"@type":"ListItem","position":3,"name":"Automation","item":"https:\/\/autolm.com.mx\/products\/automation\/"},{"@type":"ListItem","position":4,"name":"Process Automation Equipment"}]},{"@type":"WebSite","@id":"https:\/\/autolm.com.mx\/#website","url":"https:\/\/autolm.com.mx\/","name":"ALM Testing &amp; Automation","description":"","publisher":{"@id":"https:\/\/autolm.com.mx\/#organization"},"potentialAction":[{"@type":"SearchAction","target":{"@type":"EntryPoint","urlTemplate":"https:\/\/autolm.com.mx\/?s={search_term_string}"},"query-input":{"@type":"PropertyValueSpecification","valueRequired":true,"valueName":"search_term_string"}}],"inLanguage":"es"},{"@type":"Organization","@id":"https:\/\/autolm.com.mx\/#organization","name":"ALM Testing &amp; Automation","url":"https:\/\/autolm.com.mx\/","logo":{"@type":"ImageObject","inLanguage":"es","@id":"https:\/\/autolm.com.mx\/#\/schema\/logo\/image\/","url":"https:\/\/autolm.com.mx\/wp-content\/uploads\/2025\/06\/share.jpg","contentUrl":"https:\/\/autolm.com.mx\/wp-content\/uploads\/2025\/06\/share.jpg","width":1092,"height":626,"caption":"ALM Testing & Automation"},"image":{"@id":"https:\/\/autolm.com.mx\/#\/schema\/logo\/image\/"}}]}},"_links":{"self":[{"href":"https:\/\/autolm.com.mx\/es\/wp-json\/wp\/v2\/pages\/284","targetHints":{"allow":["GET"]}}],"collection":[{"href":"https:\/\/autolm.com.mx\/es\/wp-json\/wp\/v2\/pages"}],"about":[{"href":"https:\/\/autolm.com.mx\/es\/wp-json\/wp\/v2\/types\/page"}],"author":[{"embeddable":true,"href":"https:\/\/autolm.com.mx\/es\/wp-json\/wp\/v2\/users\/1"}],"replies":[{"embeddable":true,"href":"https:\/\/autolm.com.mx\/es\/wp-json\/wp\/v2\/comments?post=284"}],"version-history":[{"count":3,"href":"https:\/\/autolm.com.mx\/es\/wp-json\/wp\/v2\/pages\/284\/revisions"}],"predecessor-version":[{"id":323,"href":"https:\/\/autolm.com.mx\/es\/wp-json\/wp\/v2\/pages\/284\/revisions\/323"}],"up":[{"embeddable":true,"href":"https:\/\/autolm.com.mx\/es\/wp-json\/wp\/v2\/pages\/79"}],"wp:featuredmedia":[{"embeddable":true,"href":"https:\/\/autolm.com.mx\/es\/wp-json\/wp\/v2\/media\/320"}],"wp:attachment":[{"href":"https:\/\/autolm.com.mx\/es\/wp-json\/wp\/v2\/media?parent=284"}],"curies":[{"name":"wp","href":"https:\/\/api.w.org\/{rel}","templated":true}]}}