{"id":66,"date":"2025-06-10T16:34:11","date_gmt":"2025-06-10T16:34:11","guid":{"rendered":"https:\/\/autolm.com.mx\/?page_id=66"},"modified":"2025-06-13T14:50:29","modified_gmt":"2025-06-13T14:50:29","slug":"stator-winding-test-system","status":"publish","type":"page","link":"https:\/\/autolm.com.mx\/es\/productos\/pruebas\/probador-de-embobinado-de-estatores\/","title":{"rendered":"Probador de Embobinado de Estatores"},"content":{"rendered":"","protected":false},"excerpt":{"rendered":"<p>Este sistema incluye pruebas de resistencia, hipot, sobretensiones (surge) y rotaci\u00f3n en un equipo totalmente autom\u00e1tico controlado por computadora. Esta dise\u00f1ado para probar estatores de motores o generadores en un entorno de l\u00ednea de producci\u00f3n.<\/p>","protected":false},"author":1,"featured_media":67,"parent":46,"menu_order":0,"comment_status":"closed","ping_status":"closed","template":"page-testing-interior.php","meta":{"_acf_changed":false,"inline_featured_image":false,"footnotes":""},"class_list":["post-66","page","type-page","status-publish","has-post-thumbnail","hentry"],"acf":[],"yoast_head":"<!-- This site is optimized with the Yoast SEO plugin v27.2 - https:\/\/yoast.com\/product\/yoast-seo-wordpress\/ -->\n<title>Stator Winding Test System - ALM Testing &amp; Automation<\/title>\n<meta name=\"description\" content=\"The Stator Winding Test System includes resistance, hipot, surge and rotation tests on a computer-based, fully automatic equipment designed to test motor stators in a production line environment.\" \/>\n<meta name=\"robots\" content=\"index, follow, max-snippet:-1, max-image-preview:large, max-video-preview:-1\" \/>\n<link rel=\"canonical\" href=\"https:\/\/autolm.com.mx\/es\/productos\/pruebas\/probador-de-embobinado-de-estatores\/\" \/>\n<meta property=\"og:locale\" content=\"es_MX\" \/>\n<meta property=\"og:type\" content=\"article\" \/>\n<meta property=\"og:title\" content=\"Stator Winding Test System - ALM Testing &amp; Automation\" \/>\n<meta property=\"og:description\" content=\"The Stator Winding Test System includes resistance, hipot, surge and rotation tests on a computer-based, fully automatic equipment designed to test motor stators in a production line environment.\" \/>\n<meta property=\"og:url\" content=\"https:\/\/autolm.com.mx\/es\/productos\/pruebas\/probador-de-embobinado-de-estatores\/\" \/>\n<meta property=\"og:site_name\" content=\"ALM Testing &amp; Automation\" \/>\n<meta property=\"article:modified_time\" content=\"2025-06-13T14:50:29+00:00\" \/>\n<meta property=\"og:image\" content=\"https:\/\/autolm.com.mx\/wp-content\/uploads\/2025\/06\/mask-group2.jpg\" \/>\n\t<meta property=\"og:image:width\" content=\"1026\" \/>\n\t<meta property=\"og:image:height\" content=\"714\" \/>\n\t<meta property=\"og:image:type\" content=\"image\/jpeg\" \/>\n<meta name=\"twitter:card\" content=\"summary_large_image\" \/>\n<meta name=\"twitter:label1\" content=\"Tiempo de lectura\" \/>\n\t<meta name=\"twitter:data1\" content=\"1 minuto\" \/>\n<script type=\"application\/ld+json\" class=\"yoast-schema-graph\">{\"@context\":\"https:\/\/schema.org\",\"@graph\":[{\"@type\":\"WebPage\",\"@id\":\"https:\/\/autolm.com.mx\/products\/testing\/stator-winding-test-system\/\",\"url\":\"https:\/\/autolm.com.mx\/products\/testing\/stator-winding-test-system\/\",\"name\":\"Stator Winding Test System - ALM Testing &amp; Automation\",\"isPartOf\":{\"@id\":\"https:\/\/autolm.com.mx\/#website\"},\"primaryImageOfPage\":{\"@id\":\"https:\/\/autolm.com.mx\/products\/testing\/stator-winding-test-system\/#primaryimage\"},\"image\":{\"@id\":\"https:\/\/autolm.com.mx\/products\/testing\/stator-winding-test-system\/#primaryimage\"},\"thumbnailUrl\":\"https:\/\/autolm.com.mx\/wp-content\/uploads\/2025\/06\/mask-group2.jpg\",\"datePublished\":\"2025-06-10T16:34:11+00:00\",\"dateModified\":\"2025-06-13T14:50:29+00:00\",\"description\":\"The Stator Winding Test System includes resistance, hipot, surge and rotation tests on a computer-based, fully automatic equipment designed to test motor stators in a production line environment.\",\"breadcrumb\":{\"@id\":\"https:\/\/autolm.com.mx\/products\/testing\/stator-winding-test-system\/#breadcrumb\"},\"inLanguage\":\"es\",\"potentialAction\":[{\"@type\":\"ReadAction\",\"target\":[\"https:\/\/autolm.com.mx\/products\/testing\/stator-winding-test-system\/\"]}]},{\"@type\":\"ImageObject\",\"inLanguage\":\"es\",\"@id\":\"https:\/\/autolm.com.mx\/products\/testing\/stator-winding-test-system\/#primaryimage\",\"url\":\"https:\/\/autolm.com.mx\/wp-content\/uploads\/2025\/06\/mask-group2.jpg\",\"contentUrl\":\"https:\/\/autolm.com.mx\/wp-content\/uploads\/2025\/06\/mask-group2.jpg\",\"width\":1026,\"height\":714},{\"@type\":\"BreadcrumbList\",\"@id\":\"https:\/\/autolm.com.mx\/products\/testing\/stator-winding-test-system\/#breadcrumb\",\"itemListElement\":[{\"@type\":\"ListItem\",\"position\":1,\"name\":\"Home\",\"item\":\"https:\/\/autolm.com.mx\/\"},{\"@type\":\"ListItem\",\"position\":2,\"name\":\"Products\",\"item\":\"https:\/\/autolm.com.mx\/products\/\"},{\"@type\":\"ListItem\",\"position\":3,\"name\":\"Testing\",\"item\":\"https:\/\/autolm.com.mx\/products\/testing\/\"},{\"@type\":\"ListItem\",\"position\":4,\"name\":\"Stator Winding Test System\"}]},{\"@type\":\"WebSite\",\"@id\":\"https:\/\/autolm.com.mx\/#website\",\"url\":\"https:\/\/autolm.com.mx\/\",\"name\":\"ALM Testing & Automation\",\"description\":\"\",\"publisher\":{\"@id\":\"https:\/\/autolm.com.mx\/#organization\"},\"potentialAction\":[{\"@type\":\"SearchAction\",\"target\":{\"@type\":\"EntryPoint\",\"urlTemplate\":\"https:\/\/autolm.com.mx\/?s={search_term_string}\"},\"query-input\":{\"@type\":\"PropertyValueSpecification\",\"valueRequired\":true,\"valueName\":\"search_term_string\"}}],\"inLanguage\":\"es\"},{\"@type\":\"Organization\",\"@id\":\"https:\/\/autolm.com.mx\/#organization\",\"name\":\"ALM Testing & Automation\",\"url\":\"https:\/\/autolm.com.mx\/\",\"logo\":{\"@type\":\"ImageObject\",\"inLanguage\":\"es\",\"@id\":\"https:\/\/autolm.com.mx\/#\/schema\/logo\/image\/\",\"url\":\"https:\/\/autolm.com.mx\/wp-content\/uploads\/2025\/06\/share.jpg\",\"contentUrl\":\"https:\/\/autolm.com.mx\/wp-content\/uploads\/2025\/06\/share.jpg\",\"width\":1092,\"height\":626,\"caption\":\"ALM Testing & Automation\"},\"image\":{\"@id\":\"https:\/\/autolm.com.mx\/#\/schema\/logo\/image\/\"}}]}<\/script>\n<!-- \/ Yoast SEO plugin. -->","yoast_head_json":{"title":"Stator Winding Test System - ALM Testing &amp; Automation","description":"Este sistema incluye pruebas de resistencia, hipot, sobretensiones (surge) y rotaci\u00f3n en un equipo totalmente autom\u00e1tico controlado por computadora. Esta dise\u00f1ado para probar estatores de motores o generadores en un entorno de l\u00ednea de producci\u00f3n.","robots":{"index":"index","follow":"follow","max-snippet":"max-snippet:-1","max-image-preview":"max-image-preview:large","max-video-preview":"max-video-preview:-1"},"canonical":"https:\/\/autolm.com.mx\/es\/productos\/pruebas\/probador-de-embobinado-de-estatores\/","og_locale":"es_MX","og_type":"article","og_title":"Stator Winding Test System - ALM Testing &amp; Automation","og_description":"The Stator Winding Test System includes resistance, hipot, surge and rotation tests on a computer-based, fully automatic equipment designed to test motor stators in a production line environment.","og_url":"https:\/\/autolm.com.mx\/es\/productos\/pruebas\/probador-de-embobinado-de-estatores\/","og_site_name":"ALM Testing &amp; Automation","article_modified_time":"2025-06-13T14:50:29+00:00","og_image":[{"width":1026,"height":714,"url":"https:\/\/autolm.com.mx\/wp-content\/uploads\/2025\/06\/mask-group2.jpg","type":"image\/jpeg"}],"twitter_card":"summary_large_image","twitter_misc":{"Tiempo de lectura":"1 minuto"},"schema":{"@context":"https:\/\/schema.org","@graph":[{"@type":"WebPage","@id":"https:\/\/autolm.com.mx\/products\/testing\/stator-winding-test-system\/","url":"https:\/\/autolm.com.mx\/products\/testing\/stator-winding-test-system\/","name":"Stator Winding Test System - ALM Testing &amp; Automation","isPartOf":{"@id":"https:\/\/autolm.com.mx\/#website"},"primaryImageOfPage":{"@id":"https:\/\/autolm.com.mx\/products\/testing\/stator-winding-test-system\/#primaryimage"},"image":{"@id":"https:\/\/autolm.com.mx\/products\/testing\/stator-winding-test-system\/#primaryimage"},"thumbnailUrl":"https:\/\/autolm.com.mx\/wp-content\/uploads\/2025\/06\/mask-group2.jpg","datePublished":"2025-06-10T16:34:11+00:00","dateModified":"2025-06-13T14:50:29+00:00","description":"Este sistema incluye pruebas de resistencia, hipot, sobretensiones (surge) y rotaci\u00f3n en un equipo totalmente autom\u00e1tico controlado por computadora. Esta dise\u00f1ado para probar estatores de motores o generadores en un entorno de l\u00ednea de producci\u00f3n.","breadcrumb":{"@id":"https:\/\/autolm.com.mx\/products\/testing\/stator-winding-test-system\/#breadcrumb"},"inLanguage":"es","potentialAction":[{"@type":"ReadAction","target":["https:\/\/autolm.com.mx\/products\/testing\/stator-winding-test-system\/"]}]},{"@type":"ImageObject","inLanguage":"es","@id":"https:\/\/autolm.com.mx\/products\/testing\/stator-winding-test-system\/#primaryimage","url":"https:\/\/autolm.com.mx\/wp-content\/uploads\/2025\/06\/mask-group2.jpg","contentUrl":"https:\/\/autolm.com.mx\/wp-content\/uploads\/2025\/06\/mask-group2.jpg","width":1026,"height":714},{"@type":"BreadcrumbList","@id":"https:\/\/autolm.com.mx\/products\/testing\/stator-winding-test-system\/#breadcrumb","itemListElement":[{"@type":"ListItem","position":1,"name":"Home","item":"https:\/\/autolm.com.mx\/"},{"@type":"ListItem","position":2,"name":"Products","item":"https:\/\/autolm.com.mx\/products\/"},{"@type":"ListItem","position":3,"name":"Testing","item":"https:\/\/autolm.com.mx\/products\/testing\/"},{"@type":"ListItem","position":4,"name":"Stator Winding Test System"}]},{"@type":"WebSite","@id":"https:\/\/autolm.com.mx\/#website","url":"https:\/\/autolm.com.mx\/","name":"ALM Testing &amp; Automation","description":"","publisher":{"@id":"https:\/\/autolm.com.mx\/#organization"},"potentialAction":[{"@type":"SearchAction","target":{"@type":"EntryPoint","urlTemplate":"https:\/\/autolm.com.mx\/?s={search_term_string}"},"query-input":{"@type":"PropertyValueSpecification","valueRequired":true,"valueName":"search_term_string"}}],"inLanguage":"es"},{"@type":"Organization","@id":"https:\/\/autolm.com.mx\/#organization","name":"ALM Testing &amp; Automation","url":"https:\/\/autolm.com.mx\/","logo":{"@type":"ImageObject","inLanguage":"es","@id":"https:\/\/autolm.com.mx\/#\/schema\/logo\/image\/","url":"https:\/\/autolm.com.mx\/wp-content\/uploads\/2025\/06\/share.jpg","contentUrl":"https:\/\/autolm.com.mx\/wp-content\/uploads\/2025\/06\/share.jpg","width":1092,"height":626,"caption":"ALM Testing & Automation"},"image":{"@id":"https:\/\/autolm.com.mx\/#\/schema\/logo\/image\/"}}]}},"_links":{"self":[{"href":"https:\/\/autolm.com.mx\/es\/wp-json\/wp\/v2\/pages\/66","targetHints":{"allow":["GET"]}}],"collection":[{"href":"https:\/\/autolm.com.mx\/es\/wp-json\/wp\/v2\/pages"}],"about":[{"href":"https:\/\/autolm.com.mx\/es\/wp-json\/wp\/v2\/types\/page"}],"author":[{"embeddable":true,"href":"https:\/\/autolm.com.mx\/es\/wp-json\/wp\/v2\/users\/1"}],"replies":[{"embeddable":true,"href":"https:\/\/autolm.com.mx\/es\/wp-json\/wp\/v2\/comments?post=66"}],"version-history":[{"count":9,"href":"https:\/\/autolm.com.mx\/es\/wp-json\/wp\/v2\/pages\/66\/revisions"}],"predecessor-version":[{"id":236,"href":"https:\/\/autolm.com.mx\/es\/wp-json\/wp\/v2\/pages\/66\/revisions\/236"}],"up":[{"embeddable":true,"href":"https:\/\/autolm.com.mx\/es\/wp-json\/wp\/v2\/pages\/46"}],"wp:featuredmedia":[{"embeddable":true,"href":"https:\/\/autolm.com.mx\/es\/wp-json\/wp\/v2\/media\/67"}],"wp:attachment":[{"href":"https:\/\/autolm.com.mx\/es\/wp-json\/wp\/v2\/media?parent=66"}],"curies":[{"name":"wp","href":"https:\/\/api.w.org\/{rel}","templated":true}]}}